{"id":720,"date":"2018-09-18T10:22:48","date_gmt":"2018-09-18T08:22:48","guid":{"rendered":"https:\/\/supergabeauty.com\/?page_id=720"},"modified":"2023-08-25T12:29:48","modified_gmt":"2023-08-25T10:29:48","slug":"mentions-legales","status":"publish","type":"page","link":"https:\/\/supergabeauty.com\/en\/mentions-legales\/","title":{"rendered":"Mentions l\u00e9gales"},"content":{"rendered":"<h2 style=\"text-align: left;\"><span style=\"color: #;\">Supergabeauty<br \/>\n<\/span><\/h2>\n<p>Legal Information<\/p>\n<ul style=\"text-align: justify;\">\n<li>Address : 1-3 Rue de Caumartin, 75009 PARIS, France<\/li>\n<li>CEO : Leslie BREAU MENIGER<\/li>\n<\/ul>\n<p>&nbsp;<\/p>\n<h3 style=\"text-align: justify;\">Design et R\u00e9alisation<\/h3>\n<p style=\"text-align: justify;\">Agency Inside &#8211; agence de marketing digitale &#8211; WeWork La D\u00e9fense<\/p>\n<p style=\"text-align: justify;\">73 rue du ch\u00e2teau &#8211; 92100 Boulogne Billancourt<\/p>\n<p style=\"text-align: justify;\">Site web : <a href=\"https:\/\/agency-inside.com\">agency-inside.com<\/a><\/p>\n<p>&nbsp;<\/p>\n<h3 style=\"text-align: justify;\">H\u00e9bergement<\/h3>\n<h3 style=\"text-align: justify;\">Clause de non-responsabilit\u00e9<\/h3>\n<p style=\"text-align: justify;\">La responsabilit\u00e9 de BPS ne peut, en aucune mani\u00e8re, \u00eatre engag\u00e9e quant au contenu des informations figurant sur ce site ou aux cons\u00e9quences pouvant r\u00e9sulter de leur utilisation ou interpr\u00e9tation.<\/p>\n<p>&nbsp;<\/p>\n<h3 style=\"text-align: justify;\">Propri\u00e9t\u00e9 intellectuelle<\/h3>\n<p style=\"text-align: justify;\">Le site de BPS est une \u0153uvre de cr\u00e9ation, propri\u00e9t\u00e9 exclusive, prot\u00e9g\u00e9 par la l\u00e9gislation fran\u00e7aise et internationale sur le droit de la propri\u00e9t\u00e9 intellectuelle. Toute reproduction ou distribution non autoris\u00e9e de tout ou partie des \u00e9l\u00e9ments et informations de ce site est interdite. Le contenu est disponible pour un usage priv\u00e9 et non collectif.<\/p>\n<p style=\"text-align: justify;\">Le code de la propri\u00e9t\u00e9 intellectuelle n&#8217;autorise, aux termes de l&#8217;article L. 122-5.2, d&#8217;une part, que les \u00ab copies ou reproductions strictement r\u00e9serv\u00e9es \u00e0 l&#8217;usage priv\u00e9 du copiste et non destin\u00e9es \u00e0 une utilisation collective \u00bb et, d&#8217;autre part, que les analyses et les courtes citations dans un but d&#8217;exemple et d&#8217;illustration. \u00ab Toute repr\u00e9sentation ou reproduction int\u00e9grale ou partielle faite sans le consentement de l&#8217;auteur ou de ses ayants droit ou ayants cause est illicite \u00bb(art. L. 122-4). Cette repr\u00e9sentation ou reproduction, par quelque proc\u00e9d\u00e9 que ce soit constituerait donc une contrefa\u00e7on sanctionn\u00e9e par les articles L.335-2 et suivants du code de la propri\u00e9t\u00e9 intellectuelle.<\/p>\n<h3 style=\"text-align: justify;\"><\/h3>\n<h3 style=\"text-align: justify;\">Bases de donn\u00e9es<\/h3>\n<p style=\"text-align: justify;\">Conform\u00e9ment aux dispositions de la loi n\u00b0 98-536 du 1er juillet1998 portant transposition dans le code de la propri\u00e9t\u00e9 intellectuelle de la directive 96\/9 CE du 11 mars 1996 concernant la protection juridique des bases de donn\u00e9es, BPS est producteur et propri\u00e9taire de tout ou partie des bases de donn\u00e9es composant le pr\u00e9sent site.<\/p>\n<p style=\"text-align: justify;\">En acc\u00e9dant au site de BPS, vous reconnaissez que les donn\u00e9es le composant sont l\u00e9galement prot\u00e9g\u00e9es, et, conform\u00e9ment aux dispositions de la loi du 1er juillet 1998 pr\u00e9cit\u00e9e, il vous est interdit notamment d&#8217;extraire, r\u00e9utiliser, stocker, reproduire, repr\u00e9senter ou conserver, directement ou indirectement, sur un support quelconque, par tout moyen et sous toute forme que ce soit, tout ou partie du contenu des bases de donn\u00e9es figurant au site auquel vous acc\u00e9dez, ainsi que d&#8217;en faire l&#8217;extraction ou la r\u00e9utilisation r\u00e9p\u00e9t\u00e9e et syst\u00e9matique de parties qualitativement et quantitativement lorsque ces op\u00e9rations exc\u00e8dent manifestement les conditions d&#8217;utilisation normale.<\/p>\n<h3 style=\"text-align: justify;\"><\/h3>\n<h3 style=\"text-align: justify;\">Informatique et libert\u00e9s (CNIL)<\/h3>\n<p style=\"text-align: justify;\">Vous pouvez envoyer des donn\u00e9es vous concernant par ce site \u00e0 BPS.<\/p>\n<p style=\"text-align: justify;\">Conform\u00e9ment \u00e0 la loi Informatique et Libert\u00e9s du 6 janvier 1978, vous disposez d&#8217;un droit d&#8217;acc\u00e8s et de rectification aux informations nominatives vous concernant en \u00e9crivant \u00e0 :<\/p>\n<p style=\"text-align: justify;\">BPS &#8211; Rue des Varennes, 45140 Ormes<\/p>\n<h4><\/h4>\n<h4>Marques et logos<\/h4>\n<p>Toute utilisation, quelle qu&#8217;elle soit, des noms de marque et logos de ce site est interdite sans l&#8217;autorisation de BPS.<\/p>\n<p>&nbsp;<\/p>\n<h4 style=\"text-align: justify;\">Cr\u00e9dits photographiques et vid\u00e9ographiques<\/h4>\n<p style=\"text-align: justify;\">Toutes les photos et vid\u00e9os pr\u00e9sentes sur ce site sont interdites de reproduction.<br \/>\nElles proviennent de BPS.<\/p>\n<p>&nbsp;<\/p>\n<p>&nbsp;<\/p>\n<h3>RGPD \u2013 Politique de confidentialit\u00e9<\/h3>\n<p>SupergaBeauty est soucieuse de respecter la confidentialit\u00e9 de ses internautes. C\u2019est pourquoi les informations personnelles collect\u00e9es sont confidentielles et ne sont en aucun cas confi\u00e9es \u00e0 des tiers hormis pour l\u2019\u00e9ventuelle bonne ex\u00e9cution de la prestation command\u00e9e par l\u2019internaute.<\/p>\n<p>Axeptio permet la r\u00e9colte d\u2019un consentement au traitement des donn\u00e9es \u00e0 caract\u00e8re personnel, conforme aux exigences du RGPD (R\u00e8glement G\u00e9n\u00e9ral sur la Protection des Donn\u00e9es). Le consentement peut \u00e0 tout moment \u00eatre retir\u00e9 aussi facilement qu\u2019il a \u00e9t\u00e9 donn\u00e9 conform\u00e9ment aux exigences du RGPD (dans le respect des dispositions du R\u00c8GLEMENT (UE) 2016\/679 DU PARLEMENT EUROP\u00c9EN ET DU CONSEIL du 27 avril 2016)<\/p>\n<p>La nouvelle l\u00e9gislation sur la protection des donn\u00e9es de l\u2019Union Europ\u00e9enne (RGPD) du 25 mai 2018 est entr\u00e9e en vigueur. Elle permet, notamment, \u00e0 tout utilisateur \/ visiteur du site de b\u00e9n\u00e9ficier et d\u2019appliquer les droits suivants sur simple demande via : contact@supergabeauty.com<\/p>\n<p>Google Analytics<\/p>\n<p>Le site web de SupergaBeauty utilise un tracker Google Analytics, pour analyser le trafic. En aucun cas, les emails ou les noms des personnes sont collect\u00e9s. Vous pouvez \u00e9galement bloquer les cookies sur vos navigateurs web (Google Chrome, Safari, Opera, Internet Explorer, Edge et Firefox) afin de ne pas partager d\u2019information de votre visite sur le site web. Dans le but de respecter la l\u00e9gislation en vigueur de la RGPD, SupergaBeauty a install\u00e9 un tiers de confiance fran\u00e7ais (Axeptio) dans le but de collecter les consentements des internautes concernant les cookies. Il permet de bloquer les cookies tant que l&#8217;internaute n&#8217;a pas accept\u00e9 de les activer. Voici les<br \/>\nR\u00e8gles de confidentialit\u00e9 et conditions d&#8217;utilisation des services Google que SupergaBeauty utilisent comme Google Analytics.<\/p>\n","protected":false},"excerpt":{"rendered":"<p>Supergabeauty Legal Information Address : 1-3 Rue de Caumartin, 75009 PARIS, France CEO : Leslie BREAU MENIGER &nbsp; Design et R\u00e9alisation Agency Inside &#8211; agence de marketing digitale &#8211; WeWork La D\u00e9fense 73 rue du ch\u00e2teau &#8211; 92100 Boulogne Billancourt Site web : agency-inside.com &nbsp; H\u00e9bergement Clause de non-responsabilit\u00e9 La responsabilit\u00e9 de BPS ne peut,&hellip;<\/p>\n","protected":false},"author":1,"featured_media":0,"parent":0,"menu_order":0,"comment_status":"closed","ping_status":"closed","template":"","meta":{"inline_featured_image":false,"footnotes":""},"class_list":["post-720","page","type-page","status-publish","hentry","description-off"],"yoast_head":"<!-- This site is optimized with the Yoast SEO plugin v26.9 - https:\/\/yoast.com\/product\/yoast-seo-wordpress\/ -->\n<title>Mentions l\u00e9gales - Supergabeauty<\/title>\n<meta name=\"robots\" content=\"index, follow, max-snippet:-1, max-image-preview:large, max-video-preview:-1\" \/>\n<link rel=\"canonical\" href=\"https:\/\/supergabeauty.com\/en\/mentions-legales\/\" \/>\n<meta property=\"og:locale\" content=\"en_US\" \/>\n<meta property=\"og:type\" content=\"article\" \/>\n<meta property=\"og:title\" content=\"Mentions l\u00e9gales - Supergabeauty\" \/>\n<meta property=\"og:description\" content=\"Supergabeauty Legal Information Address : 1-3 Rue de Caumartin, 75009 PARIS, France CEO : Leslie BREAU MENIGER &nbsp; Design et R\u00e9alisation Agency Inside &#8211; agence de marketing digitale &#8211; WeWork La D\u00e9fense 73 rue du ch\u00e2teau &#8211; 92100 Boulogne Billancourt Site web : agency-inside.com &nbsp; H\u00e9bergement Clause de non-responsabilit\u00e9 La responsabilit\u00e9 de BPS ne peut,&hellip;\" \/>\n<meta property=\"og:url\" content=\"https:\/\/supergabeauty.com\/en\/mentions-legales\/\" \/>\n<meta property=\"og:site_name\" content=\"Supergabeauty\" \/>\n<meta property=\"article:modified_time\" content=\"2023-08-25T10:29:48+00:00\" \/>\n<meta name=\"twitter:card\" content=\"summary_large_image\" \/>\n<meta name=\"twitter:label1\" content=\"Est. reading time\" \/>\n\t<meta name=\"twitter:data1\" content=\"4 minutes\" \/>\n<script type=\"application\/ld+json\" class=\"yoast-schema-graph\">{\"@context\":\"https:\/\/schema.org\",\"@graph\":[{\"@type\":\"WebPage\",\"@id\":\"https:\/\/supergabeauty.com\/en\/mentions-legales\/\",\"url\":\"https:\/\/supergabeauty.com\/en\/mentions-legales\/\",\"name\":\"Mentions l\u00e9gales - Supergabeauty\",\"isPartOf\":{\"@id\":\"https:\/\/supergabeauty.com\/en\/#website\"},\"datePublished\":\"2018-09-18T08:22:48+00:00\",\"dateModified\":\"2023-08-25T10:29:48+00:00\",\"breadcrumb\":{\"@id\":\"https:\/\/supergabeauty.com\/en\/mentions-legales\/#breadcrumb\"},\"inLanguage\":\"en-US\",\"potentialAction\":[{\"@type\":\"ReadAction\",\"target\":[\"https:\/\/supergabeauty.com\/en\/mentions-legales\/\"]}]},{\"@type\":\"BreadcrumbList\",\"@id\":\"https:\/\/supergabeauty.com\/en\/mentions-legales\/#breadcrumb\",\"itemListElement\":[{\"@type\":\"ListItem\",\"position\":1,\"name\":\"Accueil\",\"item\":\"https:\/\/supergabeauty.com\/en\/\"},{\"@type\":\"ListItem\",\"position\":2,\"name\":\"Mentions l\u00e9gales\"}]},{\"@type\":\"WebSite\",\"@id\":\"https:\/\/supergabeauty.com\/en\/#website\",\"url\":\"https:\/\/supergabeauty.com\/en\/\",\"name\":\"Supergabeauty\",\"description\":\"Fournisseur de beaut\u00e9\",\"potentialAction\":[{\"@type\":\"SearchAction\",\"target\":{\"@type\":\"EntryPoint\",\"urlTemplate\":\"https:\/\/supergabeauty.com\/en\/?s={search_term_string}\"},\"query-input\":{\"@type\":\"PropertyValueSpecification\",\"valueRequired\":true,\"valueName\":\"search_term_string\"}}],\"inLanguage\":\"en-US\"}]}<\/script>\n<!-- \/ Yoast SEO plugin. -->","yoast_head_json":{"title":"Mentions l\u00e9gales - Supergabeauty","robots":{"index":"index","follow":"follow","max-snippet":"max-snippet:-1","max-image-preview":"max-image-preview:large","max-video-preview":"max-video-preview:-1"},"canonical":"https:\/\/supergabeauty.com\/en\/mentions-legales\/","og_locale":"en_US","og_type":"article","og_title":"Mentions l\u00e9gales - Supergabeauty","og_description":"Supergabeauty Legal Information Address : 1-3 Rue de Caumartin, 75009 PARIS, France CEO : Leslie BREAU MENIGER &nbsp; Design et R\u00e9alisation Agency Inside &#8211; agence de marketing digitale &#8211; WeWork La D\u00e9fense 73 rue du ch\u00e2teau &#8211; 92100 Boulogne Billancourt Site web : agency-inside.com &nbsp; H\u00e9bergement Clause de non-responsabilit\u00e9 La responsabilit\u00e9 de BPS ne peut,&hellip;","og_url":"https:\/\/supergabeauty.com\/en\/mentions-legales\/","og_site_name":"Supergabeauty","article_modified_time":"2023-08-25T10:29:48+00:00","twitter_card":"summary_large_image","twitter_misc":{"Est. reading time":"4 minutes"},"schema":{"@context":"https:\/\/schema.org","@graph":[{"@type":"WebPage","@id":"https:\/\/supergabeauty.com\/en\/mentions-legales\/","url":"https:\/\/supergabeauty.com\/en\/mentions-legales\/","name":"Mentions l\u00e9gales - Supergabeauty","isPartOf":{"@id":"https:\/\/supergabeauty.com\/en\/#website"},"datePublished":"2018-09-18T08:22:48+00:00","dateModified":"2023-08-25T10:29:48+00:00","breadcrumb":{"@id":"https:\/\/supergabeauty.com\/en\/mentions-legales\/#breadcrumb"},"inLanguage":"en-US","potentialAction":[{"@type":"ReadAction","target":["https:\/\/supergabeauty.com\/en\/mentions-legales\/"]}]},{"@type":"BreadcrumbList","@id":"https:\/\/supergabeauty.com\/en\/mentions-legales\/#breadcrumb","itemListElement":[{"@type":"ListItem","position":1,"name":"Accueil","item":"https:\/\/supergabeauty.com\/en\/"},{"@type":"ListItem","position":2,"name":"Mentions l\u00e9gales"}]},{"@type":"WebSite","@id":"https:\/\/supergabeauty.com\/en\/#website","url":"https:\/\/supergabeauty.com\/en\/","name":"Supergabeauty","description":"Fournisseur de beaut\u00e9","potentialAction":[{"@type":"SearchAction","target":{"@type":"EntryPoint","urlTemplate":"https:\/\/supergabeauty.com\/en\/?s={search_term_string}"},"query-input":{"@type":"PropertyValueSpecification","valueRequired":true,"valueName":"search_term_string"}}],"inLanguage":"en-US"}]}},"_links":{"self":[{"href":"https:\/\/supergabeauty.com\/en\/wp-json\/wp\/v2\/pages\/720","targetHints":{"allow":["GET"]}}],"collection":[{"href":"https:\/\/supergabeauty.com\/en\/wp-json\/wp\/v2\/pages"}],"about":[{"href":"https:\/\/supergabeauty.com\/en\/wp-json\/wp\/v2\/types\/page"}],"author":[{"embeddable":true,"href":"https:\/\/supergabeauty.com\/en\/wp-json\/wp\/v2\/users\/1"}],"replies":[{"embeddable":true,"href":"https:\/\/supergabeauty.com\/en\/wp-json\/wp\/v2\/comments?post=720"}],"version-history":[{"count":0,"href":"https:\/\/supergabeauty.com\/en\/wp-json\/wp\/v2\/pages\/720\/revisions"}],"wp:attachment":[{"href":"https:\/\/supergabeauty.com\/en\/wp-json\/wp\/v2\/media?parent=720"}],"curies":[{"name":"wp","href":"https:\/\/api.w.org\/{rel}","templated":true}]}}